{"id":878,"date":"2024-02-29T10:04:21","date_gmt":"2024-02-29T13:04:21","guid":{"rendered":"https:\/\/ecosbariatrica.com.ar\/?page_id=878"},"modified":"2025-12-30T21:31:19","modified_gmt":"2025-12-31T00:31:19","slug":"balon-gastrico","status":"publish","type":"page","link":"https:\/\/ecosbariatrica.com.ar\/en\/balon-gastrico\/","title":{"rendered":"Gastric Balloon"},"content":{"rendered":"<div style=\"height:70px\" aria-hidden=\"true\" class=\"wp-block-spacer\"><\/div>\n\n\n\n<div class=\"wp-block-uagb-image aligncenter uagb-block-57fb5804 wp-block-uagb-image--layout-default wp-block-uagb-image--effect-static wp-block-uagb-image--align-center\"><figure class=\"wp-block-uagb-image__figure\"><img decoding=\"async\" srcset=\"https:\/\/ecosbariatrica.com.ar\/wp-content\/uploads\/2024\/04\/BANNER-MAIL.png ,https:\/\/ecosbariatrica.com.ar\/wp-content\/uploads\/2024\/04\/BANNER-MAIL.png 780w, https:\/\/ecosbariatrica.com.ar\/wp-content\/uploads\/2024\/04\/BANNER-MAIL.png 360w\" sizes=\"(max-width: 480px) 150px\" src=\"https:\/\/ecosbariatrica.com.ar\/wp-content\/uploads\/2024\/04\/BANNER-MAIL.png\" alt=\"\" class=\"uag-image-2068\" width=\"1201\" height=\"515\" title=\"\" loading=\"lazy\" role=\"img\"\/><\/figure><\/div>\n\n\n\n<div style=\"height:50px\" aria-hidden=\"true\" class=\"wp-block-spacer\"><\/div>\n\n\n\n<div class=\"wp-block-uagb-image aligncenter uagb-block-e5f87b4f wp-block-uagb-image--layout-default wp-block-uagb-image--effect-static wp-block-uagb-image--align-center\"><figure class=\"wp-block-uagb-image__figure\"><img decoding=\"async\" srcset=\"https:\/\/ecosbariatrica.com.ar\/wp-content\/uploads\/2024\/04\/portada-web-ok-allurion-ingels.jpg 1920w, https:\/\/ecosbariatrica.com.ar\/wp-content\/uploads\/2024\/04\/portada-web-ok-allurion-ingels-300x125.jpg 300w, https:\/\/ecosbariatrica.com.ar\/wp-content\/uploads\/2024\/04\/portada-web-ok-allurion-ingels-1024x427.jpg 1024w, https:\/\/ecosbariatrica.com.ar\/wp-content\/uploads\/2024\/04\/portada-web-ok-allurion-ingels-768x320.jpg 768w, https:\/\/ecosbariatrica.com.ar\/wp-content\/uploads\/2024\/04\/portada-web-ok-allurion-ingels-1536x640.jpg 1536w, https:\/\/ecosbariatrica.com.ar\/wp-content\/uploads\/2024\/04\/portada-web-ok-allurion-ingels-18x8.jpg 18w\" sizes=\"(max-width: 480px) 150px\" src=\"https:\/\/ecosbariatrica.com.ar\/wp-content\/uploads\/2024\/04\/portada-web-ok-allurion-ingels.jpg\" alt=\"\" class=\"uag-image-2143\" width=\"1920\" height=\"800\" title=\"\" loading=\"lazy\" role=\"img\"\/><\/figure><\/div>\n\n\n\n<div style=\"height:30px\" aria-hidden=\"true\" class=\"wp-block-spacer\"><\/div>\n\n\n\n<figure class=\"wp-block-video\"><video autoplay controls muted preload=\"auto\" src=\"https:\/\/ecosbariatrica.com.ar\/wp-content\/uploads\/2024\/04\/Allurion-SPANISH-_WEB-FINAL.mp4\"><\/video><\/figure>\n\n\n\n<div style=\"height:30px\" aria-hidden=\"true\" class=\"wp-block-spacer\"><\/div>\n\n\n\n<h2 class=\"wp-block-heading has-text-align-center has-text-color has-link-color wp-elements-3f0f04b0167393545130e8d2b760427a\" style=\"color:#115273\">Frequent Questions<\/h2>\n\n\n\n<h3 class=\"wp-block-heading has-text-align-center has-text-color has-link-color wp-elements-88c4f75ebaf8997c21eeed27c4065e86\" style=\"color:#115273\">Your most frequently asked questions about the Allurion weight loss program<\/h3>\n\n\n<div class=\"wp-block-uagb-faq uagb-faq__outer-wrap uagb-block-89484dbe uagb-faq-icon-row uagb-faq-layout-accordion uagb-faq-expand-first-false uagb-faq-inactive-other-true uagb-faq__wrap uagb-buttons-layout-wrap uagb-faq-equal-height\" data-faqtoggle=\"true\" role=\"tablist\"><script type=\"application\/ld+json\">{\"@context\":\"https:\\\/\\\/schema.org\",\"@type\":\"FAQPage\",\"@id\":\"https:\\\/\\\/ecosbariatrica.com.ar\\\/en\\\/balon-gastrico\\\/\",\"mainEntity\":[{\"@type\":\"Question\",\"name\":\"\\u00bfC\\u00f3mo se coloca el bal\\u00f3n?\",\"acceptedAnswer\":{\"@type\":\"Answer\",\"text\":\"La colocaci\\u00f3n se realiza en una visita ambulatoria de menos de 15 minutos. Allurion es el primer bal\\u00f3n g\\u00e1strico que no requiere endoscopia* ni anestesia.\"}},{\"@type\":\"Question\",\"name\":\"\\u00bfCu\\u00e1nto peso se puede perder con Allurion?\",\"acceptedAnswer\":{\"@type\":\"Answer\",\"text\":\"Tras aproximadamente 16 semanas de programa Allurion, m\\u00faltiples estudios cl\\u00ednicos han demostrado que los pacientes pierden una media del 10-15% de su peso corporal total. Si todav\\u00eda quieres perder m\\u00e1s peso, se puede colocar un segundo Bal\\u00f3n despu\\u00e9s de completar el primer programa.\"}},{\"@type\":\"Question\",\"name\":\"\\u00bfVolver\\u00e9 a engordar?\",\"acceptedAnswer\":{\"@type\":\"Answer\",\"text\":\"Hasta el 95% de la p\\u00e9rdida de peso puede mantenerse 12 meses despu\\u00e9s de que el bal\\u00f3n salga del cuerpo!\\u00a0\"}},{\"@type\":\"Question\",\"name\":\"\\u00bfSer\\u00e1 evidente para los dem\\u00e1s que tengo el bal\\u00f3n Allurion en el est\\u00f3mago?\",\"acceptedAnswer\":{\"@type\":\"Answer\",\"text\":\"El Programa Allurion es una experiencia discreta. A menos que se lo digas a la gente, nadie sabr\\u00e1 que te has colocado el bal\\u00f3n.\"}}]}<\/script><div class=\"wp-block-uagb-faq-child uagb-faq-child__outer-wrap uagb-faq-item uagb-block-59963301\" role=\"tab\" tabindex=\"0\"><div class=\"uagb-faq-questions-button uagb-faq-questions\">\t\t\t<span class=\"uagb-icon uagb-faq-icon-wrap\">\n\t\t\t\t\t\t\t\t<svg xmlns=\"https:\/\/www.w3.org\/2000\/svg\" viewbox= \"0 0 256 512\"><path d=\"M64 448c-8.188 0-16.38-3.125-22.62-9.375c-12.5-12.5-12.5-32.75 0-45.25L178.8 256L41.38 118.6c-12.5-12.5-12.5-32.75 0-45.25s32.75-12.5 45.25 0l160 160c12.5 12.5 12.5 32.75 0 45.25l-160 160C80.38 444.9 72.19 448 64 448z\"><\/path><\/svg>\n\t\t\t\t\t\t\t<\/span>\n\t\t\t\t\t\t<span class=\"uagb-icon-active uagb-faq-icon-wrap\">\n\t\t\t\t\t\t\t\t<svg xmlns=\"https:\/\/www.w3.org\/2000\/svg\" viewbox= \"0 0 384 512\"><path d=\"M192 384c-8.188 0-16.38-3.125-22.62-9.375l-160-160c-12.5-12.5-12.5-32.75 0-45.25s32.75-12.5 45.25 0L192 306.8l137.4-137.4c12.5-12.5 32.75-12.5 45.25 0s12.5 32.75 0 45.25l-160 160C208.4 380.9 200.2 384 192 384z\"><\/path><\/svg>\n\t\t\t\t\t\t\t<\/span>\n\t\t\t<span class=\"uagb-question\">How is the balloon placed?<\/span><\/div><div class=\"uagb-faq-content\"><p>La colocaci\u00f3n se realiza en una visita ambulatoria de menos de 15 minutos. Allurion es el primer bal\u00f3n g\u00e1strico que no requiere endoscopia* ni anestesia.<\/p><\/div><\/div><div class=\"wp-block-uagb-faq-child uagb-faq-child__outer-wrap uagb-faq-item uagb-block-a6cde0ac\" role=\"tab\" tabindex=\"0\"><div class=\"uagb-faq-questions-button uagb-faq-questions\">\t\t\t<span class=\"uagb-icon uagb-faq-icon-wrap\">\n\t\t\t\t\t\t\t\t<svg xmlns=\"https:\/\/www.w3.org\/2000\/svg\" viewbox= \"0 0 256 512\"><path d=\"M64 448c-8.188 0-16.38-3.125-22.62-9.375c-12.5-12.5-12.5-32.75 0-45.25L178.8 256L41.38 118.6c-12.5-12.5-12.5-32.75 0-45.25s32.75-12.5 45.25 0l160 160c12.5 12.5 12.5 32.75 0 45.25l-160 160C80.38 444.9 72.19 448 64 448z\"><\/path><\/svg>\n\t\t\t\t\t\t\t<\/span>\n\t\t\t\t\t\t<span class=\"uagb-icon-active uagb-faq-icon-wrap\">\n\t\t\t\t\t\t\t\t<svg xmlns=\"https:\/\/www.w3.org\/2000\/svg\" viewbox= \"0 0 384 512\"><path d=\"M192 384c-8.188 0-16.38-3.125-22.62-9.375l-160-160c-12.5-12.5-12.5-32.75 0-45.25s32.75-12.5 45.25 0L192 306.8l137.4-137.4c12.5-12.5 32.75-12.5 45.25 0s12.5 32.75 0 45.25l-160 160C208.4 380.9 200.2 384 192 384z\"><\/path><\/svg>\n\t\t\t\t\t\t\t<\/span>\n\t\t\t<span class=\"uagb-question\">How much weight can be lost with Allurion?<\/span><\/div><div class=\"uagb-faq-content\"><p>Tras aproximadamente 16 semanas de programa Allurion, m\u00faltiples estudios cl\u00ednicos han demostrado que los pacientes pierden una media del 10-15% de su peso corporal total. Si todav\u00eda quieres perder m\u00e1s peso, se puede colocar un segundo Bal\u00f3n despu\u00e9s de completar el primer programa.<\/p><\/div><\/div><div class=\"wp-block-uagb-faq-child uagb-faq-child__outer-wrap uagb-faq-item uagb-block-146bfac9\" role=\"tab\" tabindex=\"0\"><div class=\"uagb-faq-questions-button uagb-faq-questions\">\t\t\t<span class=\"uagb-icon uagb-faq-icon-wrap\">\n\t\t\t\t\t\t\t\t<svg xmlns=\"https:\/\/www.w3.org\/2000\/svg\" viewbox= \"0 0 256 512\"><path d=\"M64 448c-8.188 0-16.38-3.125-22.62-9.375c-12.5-12.5-12.5-32.75 0-45.25L178.8 256L41.38 118.6c-12.5-12.5-12.5-32.75 0-45.25s32.75-12.5 45.25 0l160 160c12.5 12.5 12.5 32.75 0 45.25l-160 160C80.38 444.9 72.19 448 64 448z\"><\/path><\/svg>\n\t\t\t\t\t\t\t<\/span>\n\t\t\t\t\t\t<span class=\"uagb-icon-active uagb-faq-icon-wrap\">\n\t\t\t\t\t\t\t\t<svg xmlns=\"https:\/\/www.w3.org\/2000\/svg\" viewbox= \"0 0 384 512\"><path d=\"M192 384c-8.188 0-16.38-3.125-22.62-9.375l-160-160c-12.5-12.5-12.5-32.75 0-45.25s32.75-12.5 45.25 0L192 306.8l137.4-137.4c12.5-12.5 32.75-12.5 45.25 0s12.5 32.75 0 45.25l-160 160C208.4 380.9 200.2 384 192 384z\"><\/path><\/svg>\n\t\t\t\t\t\t\t<\/span>\n\t\t\t<span class=\"uagb-question\">Will I gain weight again?<\/span><\/div><div class=\"uagb-faq-content\"><p>Hasta el 95% de la p\u00e9rdida de peso puede mantenerse 12 meses despu\u00e9s de que el bal\u00f3n salga del cuerpo!\u00a0<\/p><\/div><\/div><div class=\"wp-block-uagb-faq-child uagb-faq-child__outer-wrap uagb-faq-item uagb-block-432145b4\" role=\"tab\" tabindex=\"0\"><div class=\"uagb-faq-questions-button uagb-faq-questions\">\t\t\t<span class=\"uagb-icon uagb-faq-icon-wrap\">\n\t\t\t\t\t\t\t\t<svg xmlns=\"https:\/\/www.w3.org\/2000\/svg\" viewbox= \"0 0 256 512\"><path d=\"M64 448c-8.188 0-16.38-3.125-22.62-9.375c-12.5-12.5-12.5-32.75 0-45.25L178.8 256L41.38 118.6c-12.5-12.5-12.5-32.75 0-45.25s32.75-12.5 45.25 0l160 160c12.5 12.5 12.5 32.75 0 45.25l-160 160C80.38 444.9 72.19 448 64 448z\"><\/path><\/svg>\n\t\t\t\t\t\t\t<\/span>\n\t\t\t\t\t\t<span class=\"uagb-icon-active uagb-faq-icon-wrap\">\n\t\t\t\t\t\t\t\t<svg xmlns=\"https:\/\/www.w3.org\/2000\/svg\" viewbox= \"0 0 384 512\"><path d=\"M192 384c-8.188 0-16.38-3.125-22.62-9.375l-160-160c-12.5-12.5-12.5-32.75 0-45.25s32.75-12.5 45.25 0L192 306.8l137.4-137.4c12.5-12.5 32.75-12.5 45.25 0s12.5 32.75 0 45.25l-160 160C208.4 380.9 200.2 384 192 384z\"><\/path><\/svg>\n\t\t\t\t\t\t\t<\/span>\n\t\t\t<span class=\"uagb-question\">Will it be obvious to others that I have the Allurion balloon in my stomach?<\/span><\/div><div class=\"uagb-faq-content\"><p>El Programa Allurion es una experiencia discreta. A menos que se lo digas a la gente, nadie sabr\u00e1 que te has colocado el bal\u00f3n.<\/p><\/div><\/div><\/div>\n\n\n<div style=\"height:60px\" aria-hidden=\"true\" class=\"wp-block-spacer\"><\/div>","protected":false},"excerpt":{"rendered":"<p>Preguntas Frecuentes Sus preguntas m\u00e1s frecuentes sobre el programa de p\u00e9rdida de peso Allurion<\/p>","protected":false},"author":1,"featured_media":0,"parent":0,"menu_order":6,"comment_status":"closed","ping_status":"closed","template":"","meta":{"_uag_custom_page_level_css":"","site-sidebar-layout":"default","site-content-layout":"","ast-site-content-layout":"default","site-content-style":"default","site-sidebar-style":"default","ast-global-header-display":"","ast-banner-title-visibility":"","ast-main-header-display":"","ast-hfb-above-header-display":"","ast-hfb-below-header-display":"","ast-hfb-mobile-header-display":"","site-post-title":"disabled","ast-breadcrumbs-content":"","ast-featured-img":"","footer-sml-layout":"","theme-transparent-header-meta":"","adv-header-id-meta":"","stick-header-meta":"","header-above-stick-meta":"","header-main-stick-meta":"","header-below-stick-meta":"","astra-migrate-meta-layouts":"set","ast-page-background-enabled":"default","ast-page-background-meta":{"desktop":{"background-color":"var(--ast-global-color-4)","background-image":"","background-repeat":"repeat","background-position":"center center","background-size":"auto","background-attachment":"scroll","background-type":"","background-media":"","overlay-type":"","overlay-color":"","overlay-gradient":""},"tablet":{"background-color":"","background-image":"","background-repeat":"repeat","background-position":"center center","background-size":"auto","background-attachment":"scroll","background-type":"","background-media":"","overlay-type":"","overlay-color":"","overlay-gradient":""},"mobile":{"background-color":"","background-image":"","background-repeat":"repeat","background-position":"center center","background-size":"auto","background-attachment":"scroll","background-type":"","background-media":"","overlay-type":"","overlay-color":"","overlay-gradient":""}},"ast-content-background-meta":{"desktop":{"background-color":"var(--ast-global-color-5)","background-image":"","background-repeat":"repeat","background-position":"center center","background-size":"auto","background-attachment":"scroll","background-type":"","background-media":"","overlay-type":"","overlay-color":"","overlay-gradient":""},"tablet":{"background-color":"var(--ast-global-color-5)","background-image":"","background-repeat":"repeat","background-position":"center center","background-size":"auto","background-attachment":"scroll","background-type":"","background-media":"","overlay-type":"","overlay-color":"","overlay-gradient":""},"mobile":{"background-color":"var(--ast-global-color-5)","background-image":"","background-repeat":"repeat","background-position":"center center","background-size":"auto","background-attachment":"scroll","background-type":"","background-media":"","overlay-type":"","overlay-color":"","overlay-gradient":""}},"footnotes":""},"uagb_featured_image_src":{"full":false,"thumbnail":false,"medium":false,"medium_large":false,"large":false,"1536x1536":false,"2048x2048":false,"trp-custom-language-flag":false},"uagb_author_info":{"display_name":"ecosbariatrica.com.ar","author_link":"https:\/\/ecosbariatrica.com.ar\/en\/author\/ecosbariatrica-com-ar\/"},"uagb_comment_info":0,"uagb_excerpt":"Preguntas Frecuentes Sus preguntas m\u00e1s frecuentes sobre el programa de p\u00e9rdida de peso Allurion","_links":{"self":[{"href":"https:\/\/ecosbariatrica.com.ar\/en\/wp-json\/wp\/v2\/pages\/878"}],"collection":[{"href":"https:\/\/ecosbariatrica.com.ar\/en\/wp-json\/wp\/v2\/pages"}],"about":[{"href":"https:\/\/ecosbariatrica.com.ar\/en\/wp-json\/wp\/v2\/types\/page"}],"author":[{"embeddable":true,"href":"https:\/\/ecosbariatrica.com.ar\/en\/wp-json\/wp\/v2\/users\/1"}],"replies":[{"embeddable":true,"href":"https:\/\/ecosbariatrica.com.ar\/en\/wp-json\/wp\/v2\/comments?post=878"}],"version-history":[{"count":27,"href":"https:\/\/ecosbariatrica.com.ar\/en\/wp-json\/wp\/v2\/pages\/878\/revisions"}],"predecessor-version":[{"id":2534,"href":"https:\/\/ecosbariatrica.com.ar\/en\/wp-json\/wp\/v2\/pages\/878\/revisions\/2534"}],"wp:attachment":[{"href":"https:\/\/ecosbariatrica.com.ar\/en\/wp-json\/wp\/v2\/media?parent=878"}],"curies":[{"name":"wp","href":"https:\/\/api.w.org\/{rel}","templated":true}]}}