{"id":2950,"date":"2025-12-30T21:16:33","date_gmt":"2025-12-31T00:16:33","guid":{"rendered":"https:\/\/ecosbariatrica.com.ar\/?page_id=2950"},"modified":"2025-12-30T21:20:38","modified_gmt":"2025-12-31T00:20:38","slug":"gastroplastia-endoscopica","status":"publish","type":"page","link":"https:\/\/ecosbariatrica.com.ar\/en\/gastroplastia-endoscopica\/","title":{"rendered":"Gastroplast\u00eda Endosc\u00f3pica"},"content":{"rendered":"<figure class=\"wp-block-video\"><video autoplay loop src=\"https:\/\/ecosbariatrica.com.ar\/wp-content\/uploads\/2024\/07\/portada-cirugia-5.mp4\"><\/video><\/figure>\n\n\n\n<h2 class=\"wp-block-heading has-text-align-center has-vivid-cyan-blue-color has-text-color has-link-color wp-elements-e561ccb373f31e16eeb3d83d6a080368\"><strong>Gastroplast\u00eda Endosc\u00f3pica<\/strong><\/h2>\n\n\n\n<p>La gastroplastia endosc\u00f3pica en manga es un tipo de procedimiento endosc\u00f3pico que se realiza como tratamiento contra la obesidad mediante la reducci\u00f3n del tama\u00f1o del est\u00f3mago. Se trata de un procedimiento m\u00ednimamente invasivo que no tiene incisiones ni cicatrices y es de r\u00e1pida recuperaci\u00f3n.&nbsp;&nbsp;<\/p>\n\n\n\n<p>Las personas que m\u00e1s se benefician de esta t\u00e9cnica son aquellas que tienen obesidad grado 1 o 2, presentando un \u00edndice de masa corporal de 30 a 40 kg\/m2. Tambi\u00e9n puede indicarse en situaciones especiales de pacientes que no se encuentren dentro de esta descripci\u00f3n.&nbsp;&nbsp;<\/p>\n\n\n\n<h2 class=\"wp-block-heading has-text-align-center has-vivid-cyan-blue-color has-text-color has-link-color has-medium-font-size wp-elements-4783a7781275dc2ecf1a9523ab5e49ef\">\u00bfC\u00f3mo es el procedimiento de la gastroplastia endosc\u00f3pica de manga?\u00a0<\/h2>\n\n\n\n<p>Para este procedimiento, se utiliza un endoscopio flexible con el que el m\u00e9dico realiza suturas internas, para reducir la capacidad del est\u00f3mago. Con un est\u00f3mago m\u00e1s peque\u00f1o, la sensaci\u00f3n de saciedad llega m\u00e1s r\u00e1pido, lo que naturalmente lleva a comer menos y perder peso de forma saludable y duradera.\u00a0<\/p>\n\n\n\n<p>Es importante destacar que en el primer a\u00f1o de la intervenci\u00f3n los pacientes pierden entre 15% y 20% del peso corporal total, seg\u00fan destacadas investigaciones m\u00e9dicas.<\/p>\n\n\n\n<figure class=\"wp-block-gallery has-nested-images columns-default is-cropped wp-block-gallery-1 is-layout-flex wp-block-gallery-is-layout-flex\">\n<figure class=\"wp-block-image size-large is-style-default\"><img loading=\"lazy\" decoding=\"async\" width=\"800\" height=\"450\" data-id=\"2952\" src=\"https:\/\/ecosbariatrica.com.ar\/wp-content\/uploads\/2025\/12\/section_gastroplastia-imagen-3090-edited.png\" alt=\"\" class=\"wp-image-2952\" srcset=\"https:\/\/ecosbariatrica.com.ar\/wp-content\/uploads\/2025\/12\/section_gastroplastia-imagen-3090-edited.png 800w, https:\/\/ecosbariatrica.com.ar\/wp-content\/uploads\/2025\/12\/section_gastroplastia-imagen-3090-edited-300x169.png 300w, https:\/\/ecosbariatrica.com.ar\/wp-content\/uploads\/2025\/12\/section_gastroplastia-imagen-3090-edited-768x432.png 768w, https:\/\/ecosbariatrica.com.ar\/wp-content\/uploads\/2025\/12\/section_gastroplastia-imagen-3090-edited-18x10.png 18w\" sizes=\"(max-width: 800px) 100vw, 800px\" \/><\/figure>\n<\/figure>\n\n\n\n<h2 class=\"wp-block-heading has-text-align-center has-vivid-cyan-blue-color has-text-color has-link-color has-medium-font-size wp-elements-f35b782122135848fe0764e5d5eae302\">Objetivos de este tratamiento innovador\u00a0<\/h2>\n\n\n\n<p>Este procedimiento busca reducir la capacidad del est\u00f3mago, retrasar el vaciamiento g\u00e1strico e inducir una saciedad precoz para comer menos cantidad de alimentos. Como consecuencia, facilita la p\u00e9rdida de peso. \u201cDe esta forma y, mediante un seguimiento multidisciplinar basado en recomendaciones alimenticias y ayuda psicol\u00f3gica, se consigue la reducci\u00f3n de peso. Tambi\u00e9n se report\u00f3 mejor\u00eda en enfermedades asociadas, como hipertensi\u00f3n, colesterol, diabetes, apneas de sue\u00f1o, dolores articulares, entre otros\u201d, destaca el&nbsp;<a href=\"https:\/\/hospitalprivado.com.ar\/profesionales\/federico-moser.html\" rel=\"noreferrer noopener\" target=\"_blank\">Doctor Federico Moser.<\/a>&nbsp;<\/p>\n\n\n\n<p>Es indispensable resaltar que este tratamiento debe ir acompa\u00f1ado de h\u00e1bitos saludables y de un programa del ejercicio.\u00a0<br><\/p>\n\n\n\n<h2 class=\"wp-block-heading has-text-align-center has-vivid-cyan-blue-color has-text-color has-link-color has-medium-font-size wp-elements-fda463f52a4a33fdcc9528da8199dc70\">Ventajas de la nueva t\u00e9cnica\u00a0<\/h2>\n\n\n\n<p>Dado el car\u00e1cter poco invasivo de esta t\u00e9cnica, presenta beneficios frente a otras que requieren cirug\u00eda convencional:\u00a0<\/p>\n\n\n\n<p>\u2192 Esta pr\u00e1ctica se lleva a cabo sin incisiones ni cortes por lo que se reduce el riesgo de complicaciones e infecci\u00f3n interna y del sitio de la cirug\u00eda.&nbsp;<\/p>\n\n\n\n<p>\u2192 Es un procedimiento ambulatorio o de m\u00ednima estancia hospitalaria lo que permite volver al hogar r\u00e1pidamente, en general el mismo d\u00eda de la intervenci\u00f3n.&nbsp;<\/p>\n\n\n\n<p>\u2192 Posibilita una r\u00e1pida recuperaci\u00f3n volviendo a la actividad cotidiana en 2-3 d\u00edas, de acuerdo del caso particular del paciente.\u00a0\u00a0<br><\/p>\n\n\n\n<h2 class=\"wp-block-heading has-text-align-center has-vivid-cyan-blue-color has-text-color has-link-color has-medium-font-size wp-elements-959eec139fc22acc025adca4421e0159\">Abordaje interdisciplinario\u00a0<\/h2>\n\n\n\n<p>El abordaje multidisciplinario es esencial para obtener resultados exitosos en el tratamiento para la obesidad. Cada especialidad aporta una visi\u00f3n \u00fanica, y cuando se integran los conocimientos y experiencias de diferentes \u00e1reas, se pueden tomar decisiones m\u00e1s informadas y personalizadas. \u201cEsta colaboraci\u00f3n no solo mejora la precisi\u00f3n en los diagn\u00f3sticos y tratamientos, sino que tambi\u00e9n fortalece el acompa\u00f1amiento del paciente en todas las etapas de su cuidado\u201d, indica el Dr. Federico Moser,\u00a0<a href=\"https:\/\/hospitalprivado.com.ar\/especialidades-medicas\/cirugia-general\/programa-de-cirugia-bariatrica.html\" target=\"_blank\" rel=\"noreferrer noopener\">jefe del Programa de Cirug\u00eda Bari\u00e1trica<\/a>. \u00a0<br>\u00a0<br>El trabajo en equipo con licenciados en nutrici\u00f3n, m\u00e9dicos cl\u00ednicos obes\u00f3los, psic\u00f3logos especializados en obesidad, es primordial para lograr \u00e9xito tanto en el proceso como en el resultado a largo plazo.\u00a0<br><\/p>\n\n\n\n<h2 class=\"wp-block-heading has-text-align-center has-vivid-cyan-blue-color has-text-color has-link-color has-medium-font-size wp-elements-234fdca073d9e00cc6b5278830eecd47\">Vanguardia m\u00e9dica y atenci\u00f3n de calidad\u00a0<\/h2>\n\n\n\n<p>Nuestro\u00a0<a href=\"https:\/\/hospitalprivado.com.ar\/especialidades-medicas\/cirugia-general\/programa-de-cirugia-bariatrica.html\" target=\"_blank\" rel=\"noreferrer noopener\">Programa de cirug\u00eda Bari\u00e1trica<\/a>\u00a0se destaca por su capacidad m\u00e9dica y su constante innovaci\u00f3n. El equipo de profesionales altamente especializados en tratamientos avanzados contra la obesidad realiza procedimientos de vanguardia que ofrecen resultados seguros y efectivos. Con un enfoque integral, multidisciplinario y el respaldo de tecnolog\u00eda de \u00faltima generaci\u00f3n, brindan alternativas personalizadas que mejoran la calidad de vida de los pacientes.\u00a0<\/p>\n\n\n\n<figure class=\"wp-block-embed is-type-video is-provider-youtube wp-block-embed-youtube wp-embed-aspect-16-9 wp-has-aspect-ratio\"><div class=\"wp-block-embed__wrapper\"> <div class=\"ast-oembed-container\" style=\"height: 100%;\"><iframe loading=\"lazy\" title=\"Nuevo tratamiento no invasivo para el descenso de peso: Gastroplastia endosc\u00f3pica en manga. \ud83c\udfe5\ud83d\udc68\ud83c\udffb\u200d\u2695\ufe0f\" width=\"500\" height=\"281\" src=\"https:\/\/www.youtube.com\/embed\/otV5aOjJPCw?feature=oembed\" frameborder=\"0\" allow=\"accelerometer; autoplay; clipboard-write; encrypted-media; gyroscope; picture-in-picture; web-share\" referrerpolicy=\"strict-origin-when-cross-origin\" allowfullscreen><\/iframe><\/div> <\/div>\n<\/div><\/figure>","protected":false},"excerpt":{"rendered":"<p>Gastroplast\u00eda Endosc\u00f3pica La gastroplastia endosc\u00f3pica en manga es un tipo de procedimiento endosc\u00f3pico que se realiza como tratamiento contra la obesidad mediante la reducci\u00f3n del tama\u00f1o del est\u00f3mago. Se trata de un procedimiento m\u00ednimamente invasivo que no tiene incisiones ni cicatrices y es de r\u00e1pida recuperaci\u00f3n.&nbsp;&nbsp; Las personas que m\u00e1s se benefician de esta t\u00e9cnica [&hellip;]<\/p>","protected":false},"author":1,"featured_media":0,"parent":0,"menu_order":5,"comment_status":"closed","ping_status":"closed","template":"","meta":{"_uag_custom_page_level_css":"","site-sidebar-layout":"default","site-content-layout":"","ast-site-content-layout":"default","site-content-style":"default","site-sidebar-style":"default","ast-global-header-display":"","ast-banner-title-visibility":"","ast-main-header-display":"","ast-hfb-above-header-display":"","ast-hfb-below-header-display":"","ast-hfb-mobile-header-display":"","site-post-title":"","ast-breadcrumbs-content":"","ast-featured-img":"","footer-sml-layout":"","theme-transparent-header-meta":"","adv-header-id-meta":"","stick-header-meta":"","header-above-stick-meta":"","header-main-stick-meta":"","header-below-stick-meta":"","astra-migrate-meta-layouts":"set","ast-page-background-enabled":"default","ast-page-background-meta":{"desktop":{"background-color":"var(--ast-global-color-4)","background-image":"","background-repeat":"repeat","background-position":"center center","background-size":"auto","background-attachment":"scroll","background-type":"","background-media":"","overlay-type":"","overlay-color":"","overlay-gradient":""},"tablet":{"background-color":"","background-image":"","background-repeat":"repeat","background-position":"center center","background-size":"auto","background-attachment":"scroll","background-type":"","background-media":"","overlay-type":"","overlay-color":"","overlay-gradient":""},"mobile":{"background-color":"","background-image":"","background-repeat":"repeat","background-position":"center center","background-size":"auto","background-attachment":"scroll","background-type":"","background-media":"","overlay-type":"","overlay-color":"","overlay-gradient":""}},"ast-content-background-meta":{"desktop":{"background-color":"var(--ast-global-color-5)","background-image":"","background-repeat":"repeat","background-position":"center center","background-size":"auto","background-attachment":"scroll","background-type":"","background-media":"","overlay-type":"","overlay-color":"","overlay-gradient":""},"tablet":{"background-color":"var(--ast-global-color-5)","background-image":"","background-repeat":"repeat","background-position":"center center","background-size":"auto","background-attachment":"scroll","background-type":"","background-media":"","overlay-type":"","overlay-color":"","overlay-gradient":""},"mobile":{"background-color":"var(--ast-global-color-5)","background-image":"","background-repeat":"repeat","background-position":"center center","background-size":"auto","background-attachment":"scroll","background-type":"","background-media":"","overlay-type":"","overlay-color":"","overlay-gradient":""}},"footnotes":""},"uagb_featured_image_src":{"full":false,"thumbnail":false,"medium":false,"medium_large":false,"large":false,"1536x1536":false,"2048x2048":false,"trp-custom-language-flag":false},"uagb_author_info":{"display_name":"ecosbariatrica.com.ar","author_link":"https:\/\/ecosbariatrica.com.ar\/en\/author\/ecosbariatrica-com-ar\/"},"uagb_comment_info":0,"uagb_excerpt":"Gastroplast\u00eda Endosc\u00f3pica La gastroplastia endosc\u00f3pica en manga es un tipo de procedimiento endosc\u00f3pico que se realiza como tratamiento contra la obesidad mediante la reducci\u00f3n del tama\u00f1o del est\u00f3mago. Se trata de un procedimiento m\u00ednimamente invasivo que no tiene incisiones ni cicatrices y es de r\u00e1pida recuperaci\u00f3n.&nbsp;&nbsp; Las personas que m\u00e1s se benefician de esta t\u00e9cnica&hellip;","_links":{"self":[{"href":"https:\/\/ecosbariatrica.com.ar\/en\/wp-json\/wp\/v2\/pages\/2950"}],"collection":[{"href":"https:\/\/ecosbariatrica.com.ar\/en\/wp-json\/wp\/v2\/pages"}],"about":[{"href":"https:\/\/ecosbariatrica.com.ar\/en\/wp-json\/wp\/v2\/types\/page"}],"author":[{"embeddable":true,"href":"https:\/\/ecosbariatrica.com.ar\/en\/wp-json\/wp\/v2\/users\/1"}],"replies":[{"embeddable":true,"href":"https:\/\/ecosbariatrica.com.ar\/en\/wp-json\/wp\/v2\/comments?post=2950"}],"version-history":[{"count":2,"href":"https:\/\/ecosbariatrica.com.ar\/en\/wp-json\/wp\/v2\/pages\/2950\/revisions"}],"predecessor-version":[{"id":2954,"href":"https:\/\/ecosbariatrica.com.ar\/en\/wp-json\/wp\/v2\/pages\/2950\/revisions\/2954"}],"wp:attachment":[{"href":"https:\/\/ecosbariatrica.com.ar\/en\/wp-json\/wp\/v2\/media?parent=2950"}],"curies":[{"name":"wp","href":"https:\/\/api.w.org\/{rel}","templated":true}]}}